{"id":446,"date":"2019-04-10T17:38:21","date_gmt":"2019-04-10T20:38:21","guid":{"rendered":"http:\/\/blogviajero.com.ar\/?page_id=446"},"modified":"2021-02-17T15:45:08","modified_gmt":"2021-02-17T18:45:08","slug":"quienes-somos","status":"publish","type":"page","link":"https:\/\/blogviajero.com.ar\/en\/quienes-somos\/","title":{"rendered":"Quienes Somos"},"content":{"rendered":"<div class=\"row vc_row\"><div class=\"jeg-vc-wrapper\"><div class=\"wpb_column jeg_column vc_column_container vc_col-sm-12 jeg_main_content\"><div class=\"jeg_wrapper wpb_wrapper\">\n\t<div class=\"wpb_text_column wpb_content_element\" >\n\t\t<div class=\"wpb_wrapper\">\n\t\t\t<h4><span style=\"font-weight: 400;\">Hola somos Nacho y Debo, una pareja que sue\u00f1a con viajar lo m\u00e1s que se pueda! Vivimos en el barrio de Caballito de la Ciudad de Buenos Aires, Argentina.<\/span><\/h4>\n<h4><span style=\"font-weight: 400;\">La idea de este blog surgi\u00f3 como un hobbie, los dos amamos viajar, organizar, investigar y aconsejar. Bueno, en realidad, a Debo no le gusta tanto la parte de organizar. En este sitio encontrar\u00e1n experiencias propias, opiniones, consejos, promociones de vuelos \u00a0y mucho m\u00e1s. Esperamos que les sea \u00fatil a la hora de planificar un viaje!<\/span><\/h4>\n<h4><span style=\"font-weight: 400;\">Somos de los que nos gusta llegar con toda la log\u00edstica hecha. Nunca un viaje sin hotel reservado! Que locura la gente que haces eso! Dir\u00e1n que somos estructurados. Sin embargo, tener todo planificado ayuda a no perder tiempo en los viajes pensando en \u00bfC\u00f3mo llegar? \u00bfd\u00f3nde dormir? \u00bfqu\u00e9 visitar? \u00bfd\u00f3nde se compran las entradas? \u00bfque se come ac\u00e1!? etc. Tantas preguntas que uno se va haciendo d\u00eda a d\u00eda. Nosotros las llevamos resueltas antes de cada viaje. <\/span><\/h4>\n<h4><span style=\"font-weight: 400;\">Queremos ayudarlos en todo lo que necesiten, no duden en contactarnos por preguntas, sugerencias, contarnos experiencias, darnos consejos, por lo que quieran estamos a disposici\u00f3n y felices de leerlos y responder! <\/span><\/h4>\n<h4><span style=\"font-weight: 400;\">Compartimos el placer de viajar de la manera m\u00e1s confortable y enriquecedora posible. Las recomendaciones realizadas son fruto de experiencias vividas. <\/span><\/h4>\n\n\t\t<\/div>\n\t<\/div>\n<\/div><\/div><\/div><\/div><div class=\"row vc_row\"><div class=\"jeg-vc-wrapper\"><div class=\"wpb_column jeg_column vc_column_container vc_col-sm-12 jeg_main_content\"><div class=\"jeg_wrapper wpb_wrapper\">\n\t<div  class=\"wpb_single_image wpb_content_element vc_align_left\">\n\t\t\n\t\t<figure class=\"wpb_wrapper vc_figure\">\n\t\t\t<div class=\"vc_single_image-wrapper vc_box_rounded  vc_box_border_grey\"><img decoding=\"async\" width=\"1024\" height=\"768\" data-src=\"https:\/\/i0.wp.com\/blogviajero.com.ar\/wp-content\/uploads\/2019\/04\/foto8.jpg?fit=1024%2C768&amp;ssl=1\" class=\"vc_single_image-img attachment-large lazyload\" alt=\"\" data-srcset=\"https:\/\/i0.wp.com\/blogviajero.com.ar\/wp-content\/uploads\/2019\/04\/foto8.jpg?w=1600&amp;ssl=1 1600w, https:\/\/i0.wp.com\/blogviajero.com.ar\/wp-content\/uploads\/2019\/04\/foto8.jpg?resize=300%2C225&amp;ssl=1 300w, https:\/\/i0.wp.com\/blogviajero.com.ar\/wp-content\/uploads\/2019\/04\/foto8.jpg?resize=768%2C576&amp;ssl=1 768w, https:\/\/i0.wp.com\/blogviajero.com.ar\/wp-content\/uploads\/2019\/04\/foto8.jpg?resize=1024%2C768&amp;ssl=1 1024w, https:\/\/i0.wp.com\/blogviajero.com.ar\/wp-content\/uploads\/2019\/04\/foto8.jpg?resize=750%2C563&amp;ssl=1 750w, https:\/\/i0.wp.com\/blogviajero.com.ar\/wp-content\/uploads\/2019\/04\/foto8.jpg?resize=1140%2C855&amp;ssl=1 1140w\" data-sizes=\"(max-width: 1000px) 100vw, 1000px\" src=\"data:image\/svg+xml;base64,PHN2ZyB3aWR0aD0iMSIgaGVpZ2h0PSIxIiB4bWxucz0iaHR0cDovL3d3dy53My5vcmcvMjAwMC9zdmciPjwvc3ZnPg==\" style=\"--smush-placeholder-width: 1024px; --smush-placeholder-aspect-ratio: 1024\/768;\" \/><\/div>\n\t\t<\/figure>\n\t<\/div>\n<\/div><\/div><\/div><\/div>","protected":false},"excerpt":{"rendered":"Hola somos Nacho y Debo, una pareja que sue\u00f1a con viajar lo m\u00e1s que se pueda! Vivimos en el barrio de Caballito de la Ciudad de Buenos Aires, Argentina. La idea de este blog surgi\u00f3 como un hobbie, los dos amamos viajar, organizar, investigar y aconsejar. Bueno, en realidad, a Debo no le gusta tanto [...]","protected":false},"author":5,"featured_media":0,"parent":0,"menu_order":0,"comment_status":"closed","ping_status":"closed","template":"","meta":{"advanced_seo_description":"","jetpack_seo_html_title":"","jetpack_seo_noindex":false,"jetpack_post_was_ever_published":false,"footnotes":""},"class_list":["post-446","page","type-page","status-publish","hentry"],"jetpack_sharing_enabled":true,"jetpack-related-posts":[],"_links":{"self":[{"href":"https:\/\/blogviajero.com.ar\/en\/wp-json\/wp\/v2\/pages\/446","targetHints":{"allow":["GET"]}}],"collection":[{"href":"https:\/\/blogviajero.com.ar\/en\/wp-json\/wp\/v2\/pages"}],"about":[{"href":"https:\/\/blogviajero.com.ar\/en\/wp-json\/wp\/v2\/types\/page"}],"author":[{"embeddable":true,"href":"https:\/\/blogviajero.com.ar\/en\/wp-json\/wp\/v2\/users\/5"}],"replies":[{"embeddable":true,"href":"https:\/\/blogviajero.com.ar\/en\/wp-json\/wp\/v2\/comments?post=446"}],"version-history":[{"count":5,"href":"https:\/\/blogviajero.com.ar\/en\/wp-json\/wp\/v2\/pages\/446\/revisions"}],"predecessor-version":[{"id":4258,"href":"https:\/\/blogviajero.com.ar\/en\/wp-json\/wp\/v2\/pages\/446\/revisions\/4258"}],"wp:attachment":[{"href":"https:\/\/blogviajero.com.ar\/en\/wp-json\/wp\/v2\/media?parent=446"}],"curies":[{"name":"wp","href":"https:\/\/api.w.org\/{rel}","templated":true}]}}